{"id":208,"date":"2024-11-24T11:07:33","date_gmt":"2024-11-24T11:07:33","guid":{"rendered":"https:\/\/3i-it.de\/?page_id=208"},"modified":"2024-11-24T11:55:00","modified_gmt":"2024-11-24T11:55:00","slug":"impressum","status":"publish","type":"page","link":"https:\/\/3i-it.de\/?page_id=208","title":{"rendered":"Impressum"},"content":{"rendered":"\t\t<div data-elementor-type=\"wp-page\" data-elementor-id=\"208\" class=\"elementor elementor-208\">\n\t\t\t\t<div class=\"elementor-element elementor-element-731941c e-flex e-con-boxed e-con e-parent\" data-id=\"731941c\" data-element_type=\"container\" data-e-type=\"container\">\n\t\t\t\t\t<div class=\"e-con-inner\">\n\t\t\t\t<div class=\"elementor-element elementor-element-88e6d55 elementor-widget elementor-widget-text-editor\" data-id=\"88e6d55\" data-element_type=\"widget\" data-e-type=\"widget\" data-widget_type=\"text-editor.default\">\n\t\t\t\t<div class=\"elementor-widget-container\">\n\t\t\t\t\t\t\t\t\t<p style=\"margin-bottom: 9px; font-style: normal; font-variant-caps: normal; font-stretch: normal; font-size: 16px; line-height: normal; font-family: Arial; font-size-adjust: none; font-kerning: auto; font-variant-alternates: normal; font-variant-ligatures: normal; font-variant-numeric: normal; font-variant-east-asian: normal; font-variant-position: normal; font-feature-settings: normal; font-optical-sizing: auto; font-variation-settings: normal; color: #6b0001;\">\u00a0<\/p><p style=\"margin-bottom: 5px; font-style: normal; font-variant-caps: normal; font-stretch: normal; font-size: 12px; line-height: normal; font-family: Arial; font-size-adjust: none; font-kerning: auto; font-variant-alternates: normal; font-variant-ligatures: normal; font-variant-numeric: normal; font-variant-east-asian: normal; font-variant-position: normal; font-feature-settings: normal; font-optical-sizing: auto; font-variation-settings: normal; color: #343434;\"><b>Angaben gem\u00e4\u00df \u00a7 5 TMG<\/b><\/p><p style=\"margin-bottom: 9px; font-style: normal; font-variant-caps: normal; font-stretch: normal; font-size: 10px; line-height: normal; font-family: Arial; font-size-adjust: none; font-kerning: auto; font-variant-alternates: normal; font-variant-ligatures: normal; font-variant-numeric: normal; font-variant-east-asian: normal; font-variant-position: normal; font-feature-settings: normal; font-optical-sizing: auto; font-variation-settings: normal; color: #343434;\">3i Informationstechnologie GmbH<br \/>Weinstra\u00dfe Nord 51<br \/>D-67098 Bad D\u00fcrkheim<br \/>Tel. +49 6322 97996-10<br \/>Fax +49 6322 97996-26<br \/>Mail <a href=\"mailto:info@3i-it.de\"><span style=\"text-decoration: underline; color: #4e647d;\">info(at)3i-it.de<\/span><\/a>\u00a0<\/p><p style=\"margin-bottom: 9px; font-style: normal; font-variant-caps: normal; font-stretch: normal; font-size: 10px; line-height: normal; font-family: Arial; font-size-adjust: none; font-kerning: auto; font-variant-alternates: normal; font-variant-ligatures: normal; font-variant-numeric: normal; font-variant-east-asian: normal; font-variant-position: normal; font-feature-settings: normal; font-optical-sizing: auto; font-variation-settings: normal; color: #343434;\"><b>Vertretungsberechtigter Gesch\u00e4ftsf\u00fchrer:<\/b> Dipl. Wirtsch. Inf. Roger Klink<br \/><b>Registergericht:<\/b> Amtsgericht Ludwigshafen\u00a0<br \/><b>Registernummer:<\/b> HRB 12040<br \/><b>USt.-ID:\u00a0<\/b>DE\u00a0228306919\u00a0<\/p><p style=\"margin-bottom: 5px; font-style: normal; font-variant-caps: normal; font-stretch: normal; font-size: 12px; line-height: normal; font-family: Arial; font-size-adjust: none; font-kerning: auto; font-variant-alternates: normal; font-variant-ligatures: normal; font-variant-numeric: normal; font-variant-east-asian: normal; font-variant-position: normal; font-feature-settings: normal; font-optical-sizing: auto; font-variation-settings: normal; color: #343434;\"><b>Verantwortlich f\u00fcr den Inhalt nach \u00a7 55 Abs. 2 RStV:<\/b><\/p><p style=\"margin-bottom: 9px; font-style: normal; font-variant-caps: normal; font-stretch: normal; font-size: 10px; line-height: normal; font-family: Arial; font-size-adjust: none; font-kerning: auto; font-variant-alternates: normal; font-variant-ligatures: normal; font-variant-numeric: normal; font-variant-east-asian: normal; font-variant-position: normal; font-feature-settings: normal; font-optical-sizing: auto; font-variation-settings: normal; color: #343434;\">Roger Klink<br \/>3i Informationstechnologie GmbH<br \/>Weinstra\u00dfe Nord 51<br \/>D-67098 Bad D\u00fcrkheim<br \/><a href=\"mailto:info@3i-it.de\"><span style=\"text-decoration: underline; color: #4e647d;\">info(at)3i-it.de<\/span><\/a>\u00a0<\/p><p style=\"margin-bottom: 5px; font-style: normal; font-variant-caps: normal; font-stretch: normal; font-size: 12px; line-height: normal; font-family: Arial; font-size-adjust: none; font-kerning: auto; font-variant-alternates: normal; font-variant-ligatures: normal; font-variant-numeric: normal; font-variant-east-asian: normal; font-variant-position: normal; font-feature-settings: normal; font-optical-sizing: auto; font-variation-settings: normal; color: #343434;\"><b>Datenschutzbeauftragter:<\/b><\/p><p style=\"margin-bottom: 9px; font-style: normal; font-variant-caps: normal; font-stretch: normal; font-size: 10px; line-height: normal; font-family: Arial; font-size-adjust: none; font-kerning: auto; font-variant-alternates: normal; font-variant-ligatures: normal; font-variant-numeric: normal; font-variant-east-asian: normal; font-variant-position: normal; font-feature-settings: normal; font-optical-sizing: auto; font-variation-settings: normal; color: #343434;\">Thomas Wendling<br \/>3i Informationstechnologie GmbH<br \/>Weinstra\u00dfe Nord 51<br \/>D-67098 Bad D\u00fcrkheim<br \/><a href=\"mailto:datenschutz@3i-it.de\"><span style=\"text-decoration: underline; color: #4e647d;\">datenschutz(at)3i-it.de<\/span><\/a>\u00a0<\/p><p style=\"margin-bottom: 5px; font-style: normal; font-variant-caps: normal; font-stretch: normal; font-size: 12px; line-height: normal; font-family: Arial; font-size-adjust: none; font-kerning: auto; font-variant-alternates: normal; font-variant-ligatures: normal; font-variant-numeric: normal; font-variant-east-asian: normal; font-variant-position: normal; font-feature-settings: normal; font-optical-sizing: auto; font-variation-settings: normal; color: #343434;\"><b>Streitschlichtung\u00a0<\/b><\/p><p style=\"margin-bottom: 9px; font-style: normal; font-variant-caps: normal; font-stretch: normal; font-size: 10px; line-height: normal; font-family: Arial; font-size-adjust: none; font-kerning: auto; font-variant-alternates: normal; font-variant-ligatures: normal; font-variant-numeric: normal; font-variant-east-asian: normal; font-variant-position: normal; font-feature-settings: normal; font-optical-sizing: auto; font-variation-settings: normal; color: #343434;\">Wir sind nicht bereit oder verpflichtet, an Streitbeilegungsverfahren vor einer Verbraucherschlichtungsstelle teilzunehmen.\u00a0<\/p><p style=\"margin-bottom: 5px; font-style: normal; font-variant-caps: normal; font-stretch: normal; font-size: 12px; line-height: normal; font-family: Arial; font-size-adjust: none; font-kerning: auto; font-variant-alternates: normal; font-variant-ligatures: normal; font-variant-numeric: normal; font-variant-east-asian: normal; font-variant-position: normal; font-feature-settings: normal; font-optical-sizing: auto; font-variation-settings: normal; color: #343434;\"><b>Haftung f\u00fcr Inhalte\u00a0<\/b><\/p><p style=\"margin-bottom: 9px; font-style: normal; font-variant-caps: normal; font-stretch: normal; font-size: 10px; line-height: normal; font-family: Arial; font-size-adjust: none; font-kerning: auto; font-variant-alternates: normal; font-variant-ligatures: normal; font-variant-numeric: normal; font-variant-east-asian: normal; font-variant-position: normal; font-feature-settings: normal; font-optical-sizing: auto; font-variation-settings: normal; color: #343434;\">Als Diensteanbieter sind wir gem\u00e4\u00df \u00a7 7 Abs.1 TMG f\u00fcr eigene Inhalte auf diesen Seiten nach den allgemeinen Gesetzen verantwortlich. Nach \u00a7\u00a7 8 bis 10 TMG sind wir als Diensteanbieter jedoch nicht verpflichtet, \u00fcbermittelte oder gespeicherte fremde Informationen zu \u00fcberwachen oder nach Umst\u00e4nden zu forschen, die auf eine rechtswidrige T\u00e4tigkeit hinweisen.\u00a0\u00a0<\/p><p style=\"margin-bottom: 9px; font-style: normal; font-variant-caps: normal; font-stretch: normal; font-size: 10px; line-height: normal; font-family: Arial; font-size-adjust: none; font-kerning: auto; font-variant-alternates: normal; font-variant-ligatures: normal; font-variant-numeric: normal; font-variant-east-asian: normal; font-variant-position: normal; font-feature-settings: normal; font-optical-sizing: auto; font-variation-settings: normal; color: #343434;\">Verpflichtungen zur Entfernung oder Sperrung der Nutzung von Informationen nach den allgemeinen Gesetzen bleiben hiervon unber\u00fchrt. Eine diesbez\u00fcgliche Haftung ist jedoch erst ab dem Zeitpunkt der Kenntnis einer konkreten Rechtsverletzung m\u00f6glich. Bei Bekanntwerden von entsprechenden Rechtsverletzungen werden wir diese Inhalte umgehend entfernen.\u00a0<\/p><p style=\"margin-bottom: 5px; font-style: normal; font-variant-caps: normal; font-stretch: normal; font-size: 12px; line-height: normal; font-family: Arial; font-size-adjust: none; font-kerning: auto; font-variant-alternates: normal; font-variant-ligatures: normal; font-variant-numeric: normal; font-variant-east-asian: normal; font-variant-position: normal; font-feature-settings: normal; font-optical-sizing: auto; font-variation-settings: normal; color: #343434;\"><b>Haftung f\u00fcr Links\u00a0<\/b><\/p><p style=\"margin-bottom: 9px; font-style: normal; font-variant-caps: normal; font-stretch: normal; font-size: 10px; line-height: normal; font-family: Arial; font-size-adjust: none; font-kerning: auto; font-variant-alternates: normal; font-variant-ligatures: normal; font-variant-numeric: normal; font-variant-east-asian: normal; font-variant-position: normal; font-feature-settings: normal; font-optical-sizing: auto; font-variation-settings: normal; color: #343434;\">Unser Angebot enth\u00e4lt Links zu externen Websites Dritter, auf deren Inhalte wir keinen Einfluss haben. Deshalb k\u00f6nnen wir f\u00fcr diese fremden Inhalte auch keine Gew\u00e4hr \u00fcbernehmen. F\u00fcr die Inhalte der verlinkten Seiten ist stets der jeweilige Anbieter oder Betreiber der Seiten verantwortlich.\u00a0<\/p><p style=\"margin-bottom: 9px; font-style: normal; font-variant-caps: normal; font-stretch: normal; font-size: 10px; line-height: normal; font-family: Arial; font-size-adjust: none; font-kerning: auto; font-variant-alternates: normal; font-variant-ligatures: normal; font-variant-numeric: normal; font-variant-east-asian: normal; font-variant-position: normal; font-feature-settings: normal; font-optical-sizing: auto; font-variation-settings: normal; color: #343434;\">Die verlinkten Seiten wurden zum Zeitpunkt der Verlinkung auf m\u00f6gliche Rechtsverst\u00f6\u00dfe \u00fcberpr\u00fcft. Rechtswidrige Inhalte waren zum Zeitpunkt der Verlinkung nicht erkennbar. Eine permanente inhaltliche Kontrolle der verlinkten Seiten ist jedoch ohne konkrete Anhaltspunkte einer Rechtsverletzung nicht zumutbar. Bei Bekanntwerden von Rechtsverletzungen werden wir derartige Links umgehend entfernen.\u00a0<\/p><p style=\"margin-bottom: 5px; font-style: normal; font-variant-caps: normal; font-stretch: normal; font-size: 12px; line-height: normal; font-family: Arial; font-size-adjust: none; font-kerning: auto; font-variant-alternates: normal; font-variant-ligatures: normal; font-variant-numeric: normal; font-variant-east-asian: normal; font-variant-position: normal; font-feature-settings: normal; font-optical-sizing: auto; font-variation-settings: normal; color: #343434;\"><b>Urheberrecht\u00a0<\/b><\/p><p style=\"margin-bottom: 9px; font-style: normal; font-variant-caps: normal; font-stretch: normal; font-size: 10px; line-height: normal; font-family: Arial; font-size-adjust: none; font-kerning: auto; font-variant-alternates: normal; font-variant-ligatures: normal; font-variant-numeric: normal; font-variant-east-asian: normal; font-variant-position: normal; font-feature-settings: normal; font-optical-sizing: auto; font-variation-settings: normal; color: #343434;\">Die durch die Seitenbetreiber erstellten Inhalte und Werke auf diesen Seiten unterliegen dem deutschen Urheberrecht. Die Vervielf\u00e4ltigung, Bearbeitung, Verbreitung und jede Art der Verwertung au\u00dferhalb der Grenzen des Urheberrechtes bed\u00fcrfen der schriftlichen Zustimmung des jeweiligen Autors bzw. Erstellers.\u00a0<\/p><p style=\"margin-bottom: 9px; font-style: normal; font-variant-caps: normal; font-stretch: normal; font-size: 10px; line-height: normal; font-family: Arial; font-size-adjust: none; font-kerning: auto; font-variant-alternates: normal; font-variant-ligatures: normal; font-variant-numeric: normal; font-variant-east-asian: normal; font-variant-position: normal; font-feature-settings: normal; font-optical-sizing: auto; font-variation-settings: normal; color: #343434;\">Soweit die Inhalte auf dieser Seite nicht vom Betreiber erstellt wurden, werden die Urheberrechte Dritter beachtet. Insbesondere werden Inhalte Dritter als solche gekennzeichnet. Sollten Sie trotzdem auf eine Urheberrechtsverletzung aufmerksam werden, bitten wir um einen entsprechenden Hinweis. Bei Bekanntwerden von Rechtsverletzungen werden wir derartige Inhalte umgehend entfernen.\u00a0<\/p><p style=\"margin-bottom: 5px; font-style: normal; font-variant-caps: normal; font-stretch: normal; font-size: 12px; line-height: normal; font-family: Arial; font-size-adjust: none; font-kerning: auto; font-variant-alternates: normal; font-variant-ligatures: normal; font-variant-numeric: normal; font-variant-east-asian: normal; font-variant-position: normal; font-feature-settings: normal; font-optical-sizing: auto; font-variation-settings: normal; color: #343434;\"><b>Bildmaterial<\/b><\/p><p style=\"margin-bottom: 9px; font-style: normal; font-variant-caps: normal; font-stretch: normal; font-size: 10px; line-height: normal; font-family: Arial; font-size-adjust: none; font-kerning: auto; font-variant-alternates: normal; font-variant-ligatures: normal; font-variant-numeric: normal; font-variant-east-asian: normal; font-variant-position: normal; font-feature-settings: normal; font-optical-sizing: auto; font-variation-settings: normal; color: #343434;\">Das verwendete Bildmaterial stammt aus folgenden Quellen:<\/p><ul><li style=\"margin-bottom: 5px; font-style: normal; font-variant-caps: normal; font-stretch: normal; font-size: 10px; line-height: normal; font-family: Arial; font-size-adjust: none; font-kerning: auto; font-variant-alternates: normal; font-variant-ligatures: normal; font-variant-numeric: normal; font-variant-east-asian: normal; font-variant-position: normal; font-feature-settings: normal; font-optical-sizing: auto; font-variation-settings: normal; color: #343434;\">eigenes Bildmaterial<\/li><li style=\"margin-bottom: 5px; font-style: normal; font-variant-caps: normal; font-stretch: normal; font-size: 10px; line-height: normal; font-family: Arial; font-size-adjust: none; font-kerning: auto; font-variant-alternates: normal; font-variant-ligatures: normal; font-variant-numeric: normal; font-variant-east-asian: normal; font-variant-position: normal; font-feature-settings: normal; font-optical-sizing: auto; font-variation-settings: normal; color: #4e647d;\"><span style=\"font-style: normal; font-variant-caps: normal; font-stretch: normal; font-size: 10px; line-height: normal; font-family: Symbol; font-size-adjust: none; font-kerning: auto; font-variant-alternates: normal; font-variant-ligatures: normal; font-variant-numeric: normal; font-variant-east-asian: normal; font-variant-position: normal; font-feature-settings: normal; font-optical-sizing: auto; font-variation-settings: normal; color: #343434;\"><a href=\"http:\/\/www.shutterstock.com\/\"><span style=\"font-style: normal; font-variant-caps: normal; font-stretch: normal; font-size: 10px; line-height: normal; font-family: Arial; font-size-adjust: none; font-kerning: auto; font-variant-alternates: normal; font-variant-ligatures: normal; font-variant-numeric: normal; font-variant-east-asian: normal; font-variant-position: normal; font-feature-settings: normal; font-optical-sizing: auto; font-variation-settings: normal; text-decoration: underline; color: #4e647d;\">shutterstock.com<\/span><\/a><\/span><\/li><\/ul><p style=\"margin-bottom: 5px; font-style: normal; font-variant-caps: normal; font-stretch: normal; font-size: 12px; line-height: normal; font-family: Arial; font-size-adjust: none; font-kerning: auto; font-variant-alternates: normal; font-variant-ligatures: normal; font-variant-numeric: normal; font-variant-east-asian: normal; font-variant-position: normal; font-feature-settings: normal; font-optical-sizing: auto; font-variation-settings: normal; color: #343434;\"><b>Datenschutz<\/b><\/p><p style=\"margin-bottom: 9px; font-style: normal; font-variant-caps: normal; font-stretch: normal; font-size: 10px; line-height: normal; font-family: Arial; font-size-adjust: none; font-kerning: auto; font-variant-alternates: normal; font-variant-ligatures: normal; font-variant-numeric: normal; font-variant-east-asian: normal; font-variant-position: normal; font-feature-settings: normal; font-optical-sizing: auto; font-variation-settings: normal; color: #343434;\">Unsere Hinweise zum Datenschutz finden Sie auf dieser Seite: <a href=\"https:\/\/3i-it.de\/impressum\/datenschutz\/\"><span style=\"text-decoration: underline; color: #4e647d;\">Datenschutz<\/span><\/a>\u00a0<\/p><p style=\"margin-bottom: 5px; font-style: normal; font-variant-caps: normal; font-stretch: normal; font-size: 12px; line-height: normal; font-family: Arial; font-size-adjust: none; font-kerning: auto; font-variant-alternates: normal; font-variant-ligatures: normal; font-variant-numeric: normal; font-variant-east-asian: normal; font-variant-position: normal; font-feature-settings: normal; font-optical-sizing: auto; font-variation-settings: normal; color: #343434;\"><b>Soziale Medien<\/b><\/p><p style=\"margin-bottom: 9px; font-style: normal; font-variant-caps: normal; font-stretch: normal; font-size: 10px; line-height: normal; font-family: Arial; font-size-adjust: none; font-kerning: auto; font-variant-alternates: normal; font-variant-ligatures: normal; font-variant-numeric: normal; font-variant-east-asian: normal; font-variant-position: normal; font-feature-settings: normal; font-optical-sizing: auto; font-variation-settings: normal; color: #343434;\">Wir verzichten auf eine Social Media\u00a0Pr\u00e4senz, da uns die Pflege und Aktualisierung zu aufwendig erscheint und wir in\u00a0dieser Zeit lieber unseren Kunden zur Verf\u00fcgung stehen.\u00a0\u00a0<\/p>\t\t\t\t\t\t\t\t<\/div>\n\t\t\t\t<\/div>\n\t\t\t\t\t<\/div>\n\t\t\t\t<\/div>\n\t\t\t\t<\/div>\n\t\t","protected":false},"excerpt":{"rendered":"<p>\u00a0 Angaben gem\u00e4\u00df \u00a7 5 TMG 3i Informationstechnologie GmbHWeinstra\u00dfe Nord 51D-67098 Bad D\u00fcrkheimTel. +49 6322 97996-10Fax +49 6322 97996-26Mail info(at)3i-it.de\u00a0 [&hellip;]<\/p>\n","protected":false},"author":1,"featured_media":0,"parent":0,"menu_order":0,"comment_status":"closed","ping_status":"closed","template":"","meta":{"site-sidebar-layout":"default","site-content-layout":"","ast-site-content-layout":"default","site-content-style":"default","site-sidebar-style":"default","ast-global-header-display":"","ast-banner-title-visibility":"","ast-main-header-display":"","ast-hfb-above-header-display":"","ast-hfb-below-header-display":"","ast-hfb-mobile-header-display":"","site-post-title":"","ast-breadcrumbs-content":"","ast-featured-img":"","footer-sml-layout":"","ast-disable-related-posts":"","theme-transparent-header-meta":"","adv-header-id-meta":"","stick-header-meta":"","header-above-stick-meta":"","header-main-stick-meta":"","header-below-stick-meta":"","astra-migrate-meta-layouts":"default","ast-page-background-enabled":"default","ast-page-background-meta":{"desktop":{"background-color":"var(--ast-global-color-4)","background-image":"","background-repeat":"repeat","background-position":"center center","background-size":"auto","background-attachment":"scroll","background-type":"","background-media":"","overlay-type":"","overlay-color":"","overlay-opacity":"","overlay-gradient":""},"tablet":{"background-color":"","background-image":"","background-repeat":"repeat","background-position":"center center","background-size":"auto","background-attachment":"scroll","background-type":"","background-media":"","overlay-type":"","overlay-color":"","overlay-opacity":"","overlay-gradient":""},"mobile":{"background-color":"","background-image":"","background-repeat":"repeat","background-position":"center center","background-size":"auto","background-attachment":"scroll","background-type":"","background-media":"","overlay-type":"","overlay-color":"","overlay-opacity":"","overlay-gradient":""}},"ast-content-background-meta":{"desktop":{"background-color":"var(--ast-global-color-5)","background-image":"","background-repeat":"repeat","background-position":"center center","background-size":"auto","background-attachment":"scroll","background-type":"","background-media":"","overlay-type":"","overlay-color":"","overlay-opacity":"","overlay-gradient":""},"tablet":{"background-color":"var(--ast-global-color-5)","background-image":"","background-repeat":"repeat","background-position":"center center","background-size":"auto","background-attachment":"scroll","background-type":"","background-media":"","overlay-type":"","overlay-color":"","overlay-opacity":"","overlay-gradient":""},"mobile":{"background-color":"var(--ast-global-color-5)","background-image":"","background-repeat":"repeat","background-position":"center center","background-size":"auto","background-attachment":"scroll","background-type":"","background-media":"","overlay-type":"","overlay-color":"","overlay-opacity":"","overlay-gradient":""}},"footnotes":""},"class_list":["post-208","page","type-page","status-publish","hentry"],"_links":{"self":[{"href":"https:\/\/3i-it.de\/index.php?rest_route=\/wp\/v2\/pages\/208","targetHints":{"allow":["GET"]}}],"collection":[{"href":"https:\/\/3i-it.de\/index.php?rest_route=\/wp\/v2\/pages"}],"about":[{"href":"https:\/\/3i-it.de\/index.php?rest_route=\/wp\/v2\/types\/page"}],"author":[{"embeddable":true,"href":"https:\/\/3i-it.de\/index.php?rest_route=\/wp\/v2\/users\/1"}],"replies":[{"embeddable":true,"href":"https:\/\/3i-it.de\/index.php?rest_route=%2Fwp%2Fv2%2Fcomments&post=208"}],"version-history":[{"count":5,"href":"https:\/\/3i-it.de\/index.php?rest_route=\/wp\/v2\/pages\/208\/revisions"}],"predecessor-version":[{"id":228,"href":"https:\/\/3i-it.de\/index.php?rest_route=\/wp\/v2\/pages\/208\/revisions\/228"}],"wp:attachment":[{"href":"https:\/\/3i-it.de\/index.php?rest_route=%2Fwp%2Fv2%2Fmedia&parent=208"}],"curies":[{"name":"wp","href":"https:\/\/api.w.org\/{rel}","templated":true}]}}